{"id":89,"date":"2021-02-13T12:29:39","date_gmt":"2021-02-13T11:29:39","guid":{"rendered":"https:\/\/rene.thiel.click\/?page_id=89"},"modified":"2021-08-10T17:07:09","modified_gmt":"2021-08-10T15:07:09","slug":"antike","status":"publish","type":"page","link":"https:\/\/rene-thiel.de\/wp\/literatur\/antike\/","title":{"rendered":"Antike"},"content":{"rendered":"<ul>\n<li><a href=\"horaz\/\">Horaz<\/a> (r\u00f6mischer Dichter)<\/li>\n<li><a href=\"ovid\/\">Ovid<\/a> (r\u00f6mischer Dichter)<\/li>\n<li><a href=\"seneca\/\">Seneca<\/a> (r\u00f6mischer Dichter)<\/li>\n<li><a href=\"homer\/\">Homer<\/a> (griechischer Dichter)<\/li>\n<li><a href=\"plutarch\/\">Plutarch<\/a> (griechischer Dichter)<\/li>\n<\/ul>\n","protected":false},"excerpt":{"rendered":"<p>Horaz (r\u00f6mischer Dichter) Ovid (r\u00f6mischer Dichter) Seneca (r\u00f6mischer Dichter) Homer (griechischer Dichter) Plutarch (griechischer Dichter)<\/p>\n","protected":false},"author":1,"featured_media":0,"parent":87,"menu_order":0,"comment_status":"closed","ping_status":"closed","template":"","meta":{"footnotes":""},"categories":[],"tags":[],"class_list":["post-89","page","type-page","status-publish","hentry"],"_links":{"self":[{"href":"https:\/\/rene-thiel.de\/wp\/wp-json\/wp\/v2\/pages\/89","targetHints":{"allow":["GET"]}}],"collection":[{"href":"https:\/\/rene-thiel.de\/wp\/wp-json\/wp\/v2\/pages"}],"about":[{"href":"https:\/\/rene-thiel.de\/wp\/wp-json\/wp\/v2\/types\/page"}],"author":[{"embeddable":true,"href":"https:\/\/rene-thiel.de\/wp\/wp-json\/wp\/v2\/users\/1"}],"replies":[{"embeddable":true,"href":"https:\/\/rene-thiel.de\/wp\/wp-json\/wp\/v2\/comments?post=89"}],"version-history":[{"count":10,"href":"https:\/\/rene-thiel.de\/wp\/wp-json\/wp\/v2\/pages\/89\/revisions"}],"predecessor-version":[{"id":236,"href":"https:\/\/rene-thiel.de\/wp\/wp-json\/wp\/v2\/pages\/89\/revisions\/236"}],"up":[{"embeddable":true,"href":"https:\/\/rene-thiel.de\/wp\/wp-json\/wp\/v2\/pages\/87"}],"wp:attachment":[{"href":"https:\/\/rene-thiel.de\/wp\/wp-json\/wp\/v2\/media?parent=89"}],"wp:term":[{"taxonomy":"category","embeddable":true,"href":"https:\/\/rene-thiel.de\/wp\/wp-json\/wp\/v2\/categories?post=89"},{"taxonomy":"post_tag","embeddable":true,"href":"https:\/\/rene-thiel.de\/wp\/wp-json\/wp\/v2\/tags?post=89"}],"curies":[{"name":"wp","href":"https:\/\/api.w.org\/{rel}","templated":true}]}}